{"id":27051,"date":"2024-01-12T17:57:36","date_gmt":"2024-01-12T16:57:36","guid":{"rendered":"https:\/\/www.colledegliulivi.com\/prodotto\/carcioliva-pot-80gr\/"},"modified":"2024-01-15T17:15:30","modified_gmt":"2024-01-15T16:15:30","slug":"carcioliva-pot-80gr","status":"publish","type":"product","link":"https:\/\/www.colledegliulivi.com\/en\/prodotto\/carcioliva-pot-80gr\/","title":{"rendered":"Carcioliva jar 80gr."},"content":{"rendered":"<strong>Carcioliva jar 80 gr.<\/strong>\n\nAdelmo&#8217;s delicacies Artichoke cream is another specialty of Il Colle degli Ulivi. Its peculiarity lies in the addition of a special ingredient: olive p\u00e2t\u00e9 from Il Colle degli Ulivi. Its light, slightly sweet-and-sour flavor makes it tasty for any use, spread on canap\u00e9s for appetizers, in the dressing of pasta dishes or as an accompaniment to meat and fish.\n\n<strong>INGREDIENTS<\/strong>: artichokes, extra virgin olive oil, olive pate, vinegar and white wine, salt, pepper and natural flavors.\n\n <strong> STORAGE<\/strong>: Keeps in a cool, dry place until the jar is opened, then in the refrigerator with a layer of oil added to the surface.\n\nIn the heart of western Liguria, on the Flower Riviera, <a href=\"https:\/\/www.youtube.com\/channel\/UCPF8zDwUIuh9g8IAm_cI6uw\/featured\" target=\"_blank\" rel=\"noopener nofollow\">Capra Farm<\/a> has been producing taggiasca olive oil for more than four generations using exclusively artisanal methods. This attention gives rise to a genuine and valuable product. In addition, today the company has opened its production to the latest innovations in the field of olive growing, environmental protection and the highest quality standards. In fact, the olive harvest respects the right ripening time. After that, quickly start the milling process. In this way, the oil retains all its nutrients, such as polyphenols and other natural antioxidants, which finally give olio of Il Colle its typical taste of freshly harvested Taggiasca olives. From the olives of &#8220;<a href=\"https:\/\/www.colledegliulivi.com\/shop\/?v=cd32106bcb6d\" target=\"_blank\" rel=\"noopener\">Colle<\/a>degli Ulivi&#8221; in the countryside of Diano Marina (IM), Azienda Agricola Colle degli Ulivi cold-pressed this extra virgin olive oil with a medium fruity flavor. Initially sweet on the palate, and with a very slight spicy aftertaste at the end. For this reason, our oil is ideal to accompany not only white meat dishes or cooked vegetables, but also salads, caprese, pinzimoni, bruschetta, and finally fish. We were born on the shore of a sea that has always combined traditions and culinary culture. The Riviera of Flowers is the &#8220;place&#8221; that inspires our world and way of working and gives impetus to our passion for quality linked to craftsmanship. Our land, divided between rock and water, urges us to seek harmony between the elements. This has been our philosophy for four generations, handed down from father to son.","protected":false},"excerpt":{"rendered":"Carcioliva jar 80 gr. Adelmo&#8217;s delicacies Artichoke cream is another specialty of Il Colle degli Ulivi. Its peculiarity lies in the addition of a special ingredient: olive p\u00e2t\u00e9 from Il Colle degli Ulivi. Its light, slightly sweet-and-sour flavor makes it tasty for any use, spread on canap\u00e9s for appetizers, in the dressing of pasta dishes<div><a class=\"btn-filled btn\" href=\"https:\/\/www.colledegliulivi.com\/en\/prodotto\/carcioliva-pot-80gr\/\" title=\"Carcioliva jar 80gr.\">Read More<\/a><\/div>","protected":false},"featured_media":26844,"comment_status":"closed","ping_status":"closed","template":"","meta":[],"product_brand":[],"product_cat":[592],"product_tag":[881,430,431,435,746,709,427,902,704,853,744],"class_list":{"0":"post-27051","1":"product","2":"type-product","3":"status-publish","4":"has-post-thumbnail","6":"product_cat-sauces-and-specialities","7":"product_tag-carcioliva-en","8":"product_tag-extra-virgin-oil","9":"product_tag-extra-virgin-olive-oil","10":"product_tag-extra-virgin-olive-oil-taggiasca","11":"product_tag-jar-en-2","12":"product_tag-mini-en","13":"product_tag-oil","14":"product_tag-olive-pate-en","15":"product_tag-olive-pate","16":"product_tag-package","17":"product_tag-pate-en","19":"first","20":"instock","21":"shipping-taxable","22":"purchasable","23":"product-type-simple"},"yoast_head":"<!-- This site is optimized with the Yoast SEO plugin v27.5 - https:\/\/yoast.com\/product\/yoast-seo-wordpress\/ -->\n<title>Carcioliva jar 80gr. &#8211; Colle degli Ulivi<\/title>\n<meta name=\"robots\" content=\"index, follow, max-snippet:-1, max-image-preview:large, max-video-preview:-1\" \/>\n<link rel=\"canonical\" href=\"https:\/\/www.colledegliulivi.com\/en\/prodotto\/carcioliva-pot-80gr\/\" \/>\n<meta property=\"og:locale\" content=\"en_US\" \/>\n<meta property=\"og:type\" content=\"article\" \/>\n<meta property=\"og:title\" content=\"Carcioliva jar 80gr. &#8211; Colle degli Ulivi\" \/>\n<meta property=\"og:description\" content=\"Carcioliva jar 80 gr. Adelmo&#8217;s delicacies Artichoke cream is another specialty of Il Colle degli Ulivi. Its peculiarity lies in the addition of a special ingredient: olive p\u00e2t\u00e9 from Il Colle degli Ulivi. Its light, slightly sweet-and-sour flavor makes it tasty for any use, spread on canap\u00e9s for appetizers, in the dressing of pasta dishesRead More\" \/>\n<meta property=\"og:url\" content=\"https:\/\/www.colledegliulivi.com\/en\/prodotto\/carcioliva-pot-80gr\/\" \/>\n<meta property=\"og:site_name\" content=\"Colle degli Ulivi\" \/>\n<meta property=\"article:modified_time\" content=\"2024-01-15T16:15:30+00:00\" \/>\n<meta property=\"og:image\" content=\"https:\/\/www.colledegliulivi.com\/wp-content\/uploads\/2023\/11\/DSC_0014-1.jpg\" \/>\n\t<meta property=\"og:image:width\" content=\"1920\" \/>\n\t<meta property=\"og:image:height\" content=\"1920\" \/>\n\t<meta property=\"og:image:type\" content=\"image\/jpeg\" \/>\n<meta name=\"twitter:card\" content=\"summary_large_image\" \/>\n<meta name=\"twitter:label1\" content=\"Est. reading time\" \/>\n\t<meta name=\"twitter:data1\" content=\"2 minutes\" \/>\n<script type=\"application\/ld+json\" class=\"yoast-schema-graph\">{\"@context\":\"https:\\\/\\\/schema.org\",\"@graph\":[{\"@type\":\"WebPage\",\"@id\":\"https:\\\/\\\/www.colledegliulivi.com\\\/en\\\/prodotto\\\/carcioliva-pot-80gr\\\/\",\"url\":\"https:\\\/\\\/www.colledegliulivi.com\\\/en\\\/prodotto\\\/carcioliva-pot-80gr\\\/\",\"name\":\"Carcioliva jar 80gr. &#8211; Colle degli Ulivi\",\"isPartOf\":{\"@id\":\"https:\\\/\\\/www.colledegliulivi.com\\\/en\\\/#website\"},\"primaryImageOfPage\":{\"@id\":\"https:\\\/\\\/www.colledegliulivi.com\\\/en\\\/prodotto\\\/carcioliva-pot-80gr\\\/#primaryimage\"},\"image\":{\"@id\":\"https:\\\/\\\/www.colledegliulivi.com\\\/en\\\/prodotto\\\/carcioliva-pot-80gr\\\/#primaryimage\"},\"thumbnailUrl\":\"https:\\\/\\\/www.colledegliulivi.com\\\/wp-content\\\/uploads\\\/2023\\\/11\\\/DSC_0014-1.jpg\",\"datePublished\":\"2024-01-12T16:57:36+00:00\",\"dateModified\":\"2024-01-15T16:15:30+00:00\",\"breadcrumb\":{\"@id\":\"https:\\\/\\\/www.colledegliulivi.com\\\/en\\\/prodotto\\\/carcioliva-pot-80gr\\\/#breadcrumb\"},\"inLanguage\":\"en-US\",\"potentialAction\":[{\"@type\":\"ReadAction\",\"target\":[\"https:\\\/\\\/www.colledegliulivi.com\\\/en\\\/prodotto\\\/carcioliva-pot-80gr\\\/\"]}]},{\"@type\":\"ImageObject\",\"inLanguage\":\"en-US\",\"@id\":\"https:\\\/\\\/www.colledegliulivi.com\\\/en\\\/prodotto\\\/carcioliva-pot-80gr\\\/#primaryimage\",\"url\":\"https:\\\/\\\/www.colledegliulivi.com\\\/wp-content\\\/uploads\\\/2023\\\/11\\\/DSC_0014-1.jpg\",\"contentUrl\":\"https:\\\/\\\/www.colledegliulivi.com\\\/wp-content\\\/uploads\\\/2023\\\/11\\\/DSC_0014-1.jpg\",\"width\":1920,\"height\":1920},{\"@type\":\"BreadcrumbList\",\"@id\":\"https:\\\/\\\/www.colledegliulivi.com\\\/en\\\/prodotto\\\/carcioliva-pot-80gr\\\/#breadcrumb\",\"itemListElement\":[{\"@type\":\"ListItem\",\"position\":1,\"name\":\"Home\",\"item\":\"https:\\\/\\\/www.colledegliulivi.com\\\/en\\\/\"},{\"@type\":\"ListItem\",\"position\":2,\"name\":\"Online Shop\",\"item\":\"https:\\\/\\\/www.colledegliulivi.com\\\/en\\\/online-shop\\\/\"},{\"@type\":\"ListItem\",\"position\":3,\"name\":\"Carcioliva jar 80gr.\"}]},{\"@type\":\"WebSite\",\"@id\":\"https:\\\/\\\/www.colledegliulivi.com\\\/en\\\/#website\",\"url\":\"https:\\\/\\\/www.colledegliulivi.com\\\/en\\\/\",\"name\":\"Colle degli Ulivi\",\"description\":\"Vendita olio e prodotti tipici liguri\",\"potentialAction\":[{\"@type\":\"SearchAction\",\"target\":{\"@type\":\"EntryPoint\",\"urlTemplate\":\"https:\\\/\\\/www.colledegliulivi.com\\\/en\\\/?s={search_term_string}\"},\"query-input\":{\"@type\":\"PropertyValueSpecification\",\"valueRequired\":true,\"valueName\":\"search_term_string\"}}],\"inLanguage\":\"en-US\"}]}<\/script>\n<!-- \/ Yoast SEO plugin. -->","yoast_head_json":{"title":"Carcioliva jar 80gr. &#8211; Colle degli Ulivi","robots":{"index":"index","follow":"follow","max-snippet":"max-snippet:-1","max-image-preview":"max-image-preview:large","max-video-preview":"max-video-preview:-1"},"canonical":"https:\/\/www.colledegliulivi.com\/en\/prodotto\/carcioliva-pot-80gr\/","og_locale":"en_US","og_type":"article","og_title":"Carcioliva jar 80gr. &#8211; Colle degli Ulivi","og_description":"Carcioliva jar 80 gr. Adelmo&#8217;s delicacies Artichoke cream is another specialty of Il Colle degli Ulivi. Its peculiarity lies in the addition of a special ingredient: olive p\u00e2t\u00e9 from Il Colle degli Ulivi. Its light, slightly sweet-and-sour flavor makes it tasty for any use, spread on canap\u00e9s for appetizers, in the dressing of pasta dishesRead More","og_url":"https:\/\/www.colledegliulivi.com\/en\/prodotto\/carcioliva-pot-80gr\/","og_site_name":"Colle degli Ulivi","article_modified_time":"2024-01-15T16:15:30+00:00","og_image":[{"width":1920,"height":1920,"url":"https:\/\/www.colledegliulivi.com\/wp-content\/uploads\/2023\/11\/DSC_0014-1.jpg","type":"image\/jpeg"}],"twitter_card":"summary_large_image","twitter_misc":{"Est. reading time":"2 minutes"},"schema":{"@context":"https:\/\/schema.org","@graph":[{"@type":"WebPage","@id":"https:\/\/www.colledegliulivi.com\/en\/prodotto\/carcioliva-pot-80gr\/","url":"https:\/\/www.colledegliulivi.com\/en\/prodotto\/carcioliva-pot-80gr\/","name":"Carcioliva jar 80gr. &#8211; Colle degli Ulivi","isPartOf":{"@id":"https:\/\/www.colledegliulivi.com\/en\/#website"},"primaryImageOfPage":{"@id":"https:\/\/www.colledegliulivi.com\/en\/prodotto\/carcioliva-pot-80gr\/#primaryimage"},"image":{"@id":"https:\/\/www.colledegliulivi.com\/en\/prodotto\/carcioliva-pot-80gr\/#primaryimage"},"thumbnailUrl":"https:\/\/www.colledegliulivi.com\/wp-content\/uploads\/2023\/11\/DSC_0014-1.jpg","datePublished":"2024-01-12T16:57:36+00:00","dateModified":"2024-01-15T16:15:30+00:00","breadcrumb":{"@id":"https:\/\/www.colledegliulivi.com\/en\/prodotto\/carcioliva-pot-80gr\/#breadcrumb"},"inLanguage":"en-US","potentialAction":[{"@type":"ReadAction","target":["https:\/\/www.colledegliulivi.com\/en\/prodotto\/carcioliva-pot-80gr\/"]}]},{"@type":"ImageObject","inLanguage":"en-US","@id":"https:\/\/www.colledegliulivi.com\/en\/prodotto\/carcioliva-pot-80gr\/#primaryimage","url":"https:\/\/www.colledegliulivi.com\/wp-content\/uploads\/2023\/11\/DSC_0014-1.jpg","contentUrl":"https:\/\/www.colledegliulivi.com\/wp-content\/uploads\/2023\/11\/DSC_0014-1.jpg","width":1920,"height":1920},{"@type":"BreadcrumbList","@id":"https:\/\/www.colledegliulivi.com\/en\/prodotto\/carcioliva-pot-80gr\/#breadcrumb","itemListElement":[{"@type":"ListItem","position":1,"name":"Home","item":"https:\/\/www.colledegliulivi.com\/en\/"},{"@type":"ListItem","position":2,"name":"Online Shop","item":"https:\/\/www.colledegliulivi.com\/en\/online-shop\/"},{"@type":"ListItem","position":3,"name":"Carcioliva jar 80gr."}]},{"@type":"WebSite","@id":"https:\/\/www.colledegliulivi.com\/en\/#website","url":"https:\/\/www.colledegliulivi.com\/en\/","name":"Colle degli Ulivi","description":"Vendita olio e prodotti tipici liguri","potentialAction":[{"@type":"SearchAction","target":{"@type":"EntryPoint","urlTemplate":"https:\/\/www.colledegliulivi.com\/en\/?s={search_term_string}"},"query-input":{"@type":"PropertyValueSpecification","valueRequired":true,"valueName":"search_term_string"}}],"inLanguage":"en-US"}]}},"_links":{"self":[{"href":"https:\/\/www.colledegliulivi.com\/en\/wp-json\/wp\/v2\/product\/27051","targetHints":{"allow":["GET"]}}],"collection":[{"href":"https:\/\/www.colledegliulivi.com\/en\/wp-json\/wp\/v2\/product"}],"about":[{"href":"https:\/\/www.colledegliulivi.com\/en\/wp-json\/wp\/v2\/types\/product"}],"replies":[{"embeddable":true,"href":"https:\/\/www.colledegliulivi.com\/en\/wp-json\/wp\/v2\/comments?post=27051"}],"wp:featuredmedia":[{"embeddable":true,"href":"https:\/\/www.colledegliulivi.com\/en\/wp-json\/wp\/v2\/media\/26844"}],"wp:attachment":[{"href":"https:\/\/www.colledegliulivi.com\/en\/wp-json\/wp\/v2\/media?parent=27051"}],"wp:term":[{"taxonomy":"product_brand","embeddable":true,"href":"https:\/\/www.colledegliulivi.com\/en\/wp-json\/wp\/v2\/product_brand?post=27051"},{"taxonomy":"product_cat","embeddable":true,"href":"https:\/\/www.colledegliulivi.com\/en\/wp-json\/wp\/v2\/product_cat?post=27051"},{"taxonomy":"product_tag","embeddable":true,"href":"https:\/\/www.colledegliulivi.com\/en\/wp-json\/wp\/v2\/product_tag?post=27051"}],"curies":[{"name":"wp","href":"https:\/\/api.w.org\/{rel}","templated":true}]}}