{"id":24317,"date":"2022-04-02T17:27:27","date_gmt":"2022-04-02T15:27:27","guid":{"rendered":"https:\/\/www.colledegliulivi.com\/prodotto\/box-bis-favor-box\/"},"modified":"2023-02-23T18:22:39","modified_gmt":"2023-02-23T17:22:39","slug":"wedding-favor-oil-taggiasco-colle-degli-ulivi","status":"publish","type":"product","link":"https:\/\/www.colledegliulivi.com\/en\/prodotto\/wedding-favor-oil-taggiasco-colle-degli-ulivi\/","title":{"rendered":"TAGGIASCO OIL TONY TONY PACK Olive Tree Hill"},"content":{"rendered":"<div class=\"woocommerce-tabs wc-tabs-wrapper\">\n<div role=\"tabpanel\" aria-labelledby=\"tab-title-description\">TAGGIASCO OIL TONY TONY PACK Olive Tree Hill<\/div>\n<div role=\"tabpanel\" aria-labelledby=\"tab-title-description\">BOMBONIERA TAGGIASCO OLIO COLLE degli Ulivi containing:<\/div>\n<ul>\n \t<li role=\"tabpanel\" aria-labelledby=\"tab-title-description\">GALLON EXTRA VIRGIN OIL 0.25 ml<\/li>\n \t<li role=\"tabpanel\" aria-labelledby=\"tab-title-description\">PESTO WITHOUT GARLIC 170gr<\/li>\n<\/ul>\n<div role=\"tabpanel\" aria-labelledby=\"tab-title-description\"><\/div>\n<div role=\"tabpanel\" aria-labelledby=\"tab-title-description\">Nice packages that can be decorated and customized by color and with gadgets of your choice , with no minimum orders .<\/div>\n<div role=\"tabpanel\" aria-labelledby=\"tab-title-description\">gift ideas with simplicity to gift craftsmanship<\/div>\n<div role=\"tabpanel\" aria-labelledby=\"tab-title-description\"><\/div>\n<div id=\"tab-description\" class=\"woocommerce-Tabs-panel woocommerce-Tabs-panel--description panel entry-content wc-tab\" role=\"tabpanel\" aria-labelledby=\"tab-title-description\">The specialties of the Ligurian Tradition of of Il Colle, prepared with Taggiasca extra virgin olive oil. In the heart of western Liguria, on the Flower Riviera, <a href=\"https:\/\/www.youtube.com\/channel\/UCPF8zDwUIuh9g8IAm_cI6uw\/featured\" target=\"_blank\" rel=\"noopener nofollow\">Capra Farm<\/a> has been producing taggiasca olive oil for more than four generations using exclusively artisanal methods. This attention gives rise to a genuine and valuable product. In addition, today the company has opened its production to the latest innovations in the field of olive growing, environmental protection and the highest quality standards. In fact, the olive harvest respects the right ripening time. After that, quickly start the milling process. In this way, the oil retains all its nutrients, such as polyphenols and other natural antioxidants, which finally give olio of Il Colle its typical taste of freshly harvested Taggiasca olives. From the olives of &#8220;<a href=\"https:\/\/www.colledegliulivi.com\/shop\/\" target=\"_blank\" rel=\"noopener\">Colle<\/a>degli Ulivi&#8221; in the countryside of Diano Marina (IM), Azienda Agricola Colle degli Ulivi cold-pressed this extra virgin olive oil with a medium fruity flavor. Initially sweet on the palate, and with a very slight spicy aftertaste at the end. For this reason, our oil is ideal to accompany not only white meat dishes or cooked vegetables, but also salads, caprese, pinzimoni, bruschetta, and finally fish. We were born on the shore of a sea that has always combined traditions and culinary culture. The Riviera of Flowers is the &#8220;place&#8221; that inspires our world and way of working and gives impetus to our passion for quality linked to craftsmanship. Our land, divided between rock and water, urges us to seek harmony between the elements. This has been our philosophy for four generations, handed down from father to son.<\/div>\n<\/div>\n<div class=\"yotpo yotpo-main-widget\" data-product-id=\"446\" data-name=\"VALIGETTA MINI OLIO\" data-url=\"https:\/\/www.colledegliulivi.com\/prodotto\/valigetta-mini-olio\/\" data-image-url=\"https:\/\/www.colledegliulivi.com\/wp-content\/uploads\/2015\/09\/colleNL_Confezioni05-scaled.jpg\" data-description=\"VALIGETTA MINI OLIO VALIGETTA MINI OLIO contenente: GALLONE OLIO EXTRA VERGINE 0,25 ml OLIVE TAGGIASCHE  SALAMOIA gr.340 Le specialit\u00e0 della Tradizione Ligure del Colle, preparate con olio extra vergine Taggiasca. Nel cuore del Ponente Ligure, nella riviera dei fiori, l\u2019Azienda agricola Capra produce olio di oliva taggiasca da oltre quattro generazioni con metodi esclusivamente artigianali. Questa attenzione da vita a un prodotto genuino e pregiato. Inoltre, oggi l\u2019azienda ha aperto la produzione alle pi\u00f9 recenti innovazioni nel campo dell\u2019olivicoltura, nella tutela dell\u2019ambiente e dei pi\u00f9 elevati standard di qualit\u00e0. La raccolta delle olive rispetta infatti i giusti tempi di maturazione. Dopodich\u00e9, rapidamente si avvia la molitura. In tal modo l\u2019olio conserva tutte le sue sostanze nutritive, come ad esempio i polifenoli e altri antiossidanti naturali, che conferiscono infine all\u2019olio del Colle il gusto tipico dell\u2019oliva Taggiasca appena raccolta. Dalle olive del \u201cColle degli Ulivi\u201d nelle campagne di Diano Marina (IM), l\u2019Azienda Agricola Colle degli Ulivi estrae a freddo quest\u2019olio extravergine d\u2019oliva dal sapore fruttato medio. Inizialmente dolce al palato, e con un leggerissimo retrogusto piccante alla fine. Per questa ragione, il nostro olio \u00e8 ideale per accompagnare non solo piatti a base di carni bianche oppure verdure cotte, ma anche insalate, capresi, pinzimoni, bruschette e infine pesce. Siamo nati sulla riva di un mare che da sempre unisce tradizioni e cultura culinaria. La Riviera dei Fiori \u00e8 il \u201cluogo\u201d che ispira il nostro mondo e il nostro modo di lavorare e d\u00e0 spinta alla nostra passione per la qualit\u00e0 legata all\u2019artigianalit\u00e0. La nostra terra, suddivisa tra roccia e acqua, ci spinge a ricercare l\u2019armonia tra gli elementi. Questa \u00e8 la nostra filosofia, da quattro generazioni, tramandata di padre in figlio.\" data-lang=\"it\" data-price=\"12.00\" data-currency=\"EUR\" data-yotpo-element-id=\"1\">\n<div class=\"main-widget yotpo-display-wrapper yotpo-no-reviews\" data-source=\"default\"><\/div>\n<\/div>\n<aside id=\"secondary\" class=\"widget-area col-md-3 hidden-sm\" role=\"complementary\">\n<div id=\"siteorigin-panels-builder-8\" class=\"widget_siteorigin-panels-builder\">\n<div id=\"pl-w5c7f039ac5a82\" class=\"panel-layout\">\n<div id=\"pg-w5c7f039ac5a82-0\" class=\"panel-grid panel-no-style\">\n<div id=\"pgc-w5c7f039ac5a82-0-0\" class=\"panel-grid-cell\">\n<div id=\"panel-w5c7f039ac5a82-0-0-0\" class=\"widget_text so-panel widget widget_custom_html panel-first-child panel-last-child\" data-index=\"0\">\n<div class=\"textwidget custom-html-widget\"><\/div>\n<\/div>\n<\/div>\n<\/div>\n<\/div>\n<\/div>\n<\/aside>","protected":false},"excerpt":{"rendered":"TAGGIASCO OIL TONY TONY PACK Olive Tree Hill BOMBONIERA TAGGIASCO OLIO COLLE degli Ulivi containing: GALLON EXTRA VIRGIN OIL 0.25 ml PESTO WITHOUT GARLIC 170gr Nice packages that can be decorated and customized by color and with gadgets of your choice , with no minimum orders . gift ideas with simplicity to gift craftsmanship The<div><a class=\"btn-filled btn\" href=\"https:\/\/www.colledegliulivi.com\/en\/prodotto\/wedding-favor-oil-taggiasco-colle-degli-ulivi\/\" title=\"TAGGIASCO OIL TONY TONY PACK Olive Tree Hill\">Read More<\/a><\/div>","protected":false},"featured_media":24086,"comment_status":"closed","ping_status":"closed","template":"","meta":[],"product_brand":[],"product_cat":[578],"product_tag":[915,940,962,960,961,1070,956,959,854,427,954,598,955,958,703,957],"class_list":{"0":"post-24317","1":"product","2":"type-product","3":"status-publish","4":"has-post-thumbnail","6":"product_cat-wedding-favors","7":"product_tag-box-en-2","8":"product_tag-briefcases-2","9":"product_tag-ceremonies","10":"product_tag-communions","11":"product_tag-confirmations","12":"product_tag-encore-wedding-favor-gift-box","13":"product_tag-extra-en","14":"product_tag-favors","15":"product_tag-gift","16":"product_tag-oil","17":"product_tag-oilevo","18":"product_tag-olive-en-2","19":"product_tag-olive-oil-and-extra-virgin-olive-oil","20":"product_tag-packages","21":"product_tag-pesto-en","22":"product_tag-virgin","24":"first","25":"instock","26":"shipping-taxable","27":"purchasable","28":"product-type-simple"},"yoast_head":"<!-- This site is optimized with the Yoast SEO plugin v27.3 - https:\/\/yoast.com\/product\/yoast-seo-wordpress\/ -->\n<title>TAGGIASCO OIL TONY TONY PACK Olive Tree Hill &#8211; Colle degli Ulivi<\/title>\n<meta name=\"description\" content=\"TAGGIASCO COLLE degli Ulivi TONY OIL BOMBON - contents: EXTRA VIRGIN OIL GALLON 0.25 ml, PESTO WITHOUT GARLIC 170gr- Colle degli Ulivi ancient tradition\" \/>\n<meta name=\"robots\" content=\"index, follow, max-snippet:-1, max-image-preview:large, max-video-preview:-1\" \/>\n<link rel=\"canonical\" href=\"https:\/\/www.colledegliulivi.com\/en\/prodotto\/wedding-favor-oil-taggiasco-colle-degli-ulivi\/\" \/>\n<meta property=\"og:locale\" content=\"en_US\" \/>\n<meta property=\"og:type\" content=\"article\" \/>\n<meta property=\"og:title\" content=\"TAGGIASCO OIL TONY TONY PACK Olive Tree Hill &#8211; Colle degli Ulivi\" \/>\n<meta property=\"og:description\" content=\"TAGGIASCO COLLE degli Ulivi TONY OIL BOMBON - contents: EXTRA VIRGIN OIL GALLON 0.25 ml, PESTO WITHOUT GARLIC 170gr- Colle degli Ulivi ancient tradition\" \/>\n<meta property=\"og:url\" content=\"https:\/\/www.colledegliulivi.com\/en\/prodotto\/wedding-favor-oil-taggiasco-colle-degli-ulivi\/\" \/>\n<meta property=\"og:site_name\" content=\"Colle degli Ulivi\" \/>\n<meta property=\"article:modified_time\" content=\"2023-02-23T17:22:39+00:00\" \/>\n<meta name=\"twitter:card\" content=\"summary_large_image\" \/>\n<meta name=\"twitter:label1\" content=\"Est. reading time\" \/>\n\t<meta name=\"twitter:data1\" content=\"2 minutes\" \/>\n<script type=\"application\/ld+json\" class=\"yoast-schema-graph\">{\"@context\":\"https:\\\/\\\/schema.org\",\"@graph\":[{\"@type\":\"WebPage\",\"@id\":\"https:\\\/\\\/www.colledegliulivi.com\\\/en\\\/prodotto\\\/wedding-favor-oil-taggiasco-colle-degli-ulivi\\\/\",\"url\":\"https:\\\/\\\/www.colledegliulivi.com\\\/en\\\/prodotto\\\/wedding-favor-oil-taggiasco-colle-degli-ulivi\\\/\",\"name\":\"TAGGIASCO OIL TONY TONY PACK Olive Tree Hill &#8211; Colle degli Ulivi\",\"isPartOf\":{\"@id\":\"https:\\\/\\\/www.colledegliulivi.com\\\/en\\\/#website\"},\"primaryImageOfPage\":{\"@id\":\"https:\\\/\\\/www.colledegliulivi.com\\\/en\\\/prodotto\\\/wedding-favor-oil-taggiasco-colle-degli-ulivi\\\/#primaryimage\"},\"image\":{\"@id\":\"https:\\\/\\\/www.colledegliulivi.com\\\/en\\\/prodotto\\\/wedding-favor-oil-taggiasco-colle-degli-ulivi\\\/#primaryimage\"},\"thumbnailUrl\":\"\",\"datePublished\":\"2022-04-02T15:27:27+00:00\",\"dateModified\":\"2023-02-23T17:22:39+00:00\",\"description\":\"TAGGIASCO COLLE degli Ulivi TONY OIL BOMBON - contents: EXTRA VIRGIN OIL GALLON 0.25 ml, PESTO WITHOUT GARLIC 170gr- Colle degli Ulivi ancient tradition\",\"breadcrumb\":{\"@id\":\"https:\\\/\\\/www.colledegliulivi.com\\\/en\\\/prodotto\\\/wedding-favor-oil-taggiasco-colle-degli-ulivi\\\/#breadcrumb\"},\"inLanguage\":\"en-US\",\"potentialAction\":[{\"@type\":\"ReadAction\",\"target\":[\"https:\\\/\\\/www.colledegliulivi.com\\\/en\\\/prodotto\\\/wedding-favor-oil-taggiasco-colle-degli-ulivi\\\/\"]}]},{\"@type\":\"ImageObject\",\"inLanguage\":\"en-US\",\"@id\":\"https:\\\/\\\/www.colledegliulivi.com\\\/en\\\/prodotto\\\/wedding-favor-oil-taggiasco-colle-degli-ulivi\\\/#primaryimage\",\"url\":\"\",\"contentUrl\":\"\",\"width\":731,\"height\":834,\"caption\":\"CONFEZIONE REGALO BOMBONIERA BIS\"},{\"@type\":\"BreadcrumbList\",\"@id\":\"https:\\\/\\\/www.colledegliulivi.com\\\/en\\\/prodotto\\\/wedding-favor-oil-taggiasco-colle-degli-ulivi\\\/#breadcrumb\",\"itemListElement\":[{\"@type\":\"ListItem\",\"position\":1,\"name\":\"Home\",\"item\":\"https:\\\/\\\/www.colledegliulivi.com\\\/en\\\/\"},{\"@type\":\"ListItem\",\"position\":2,\"name\":\"Online Shop\",\"item\":\"https:\\\/\\\/www.colledegliulivi.com\\\/en\\\/online-shop\\\/\"},{\"@type\":\"ListItem\",\"position\":3,\"name\":\"TAGGIASCO OIL TONY TONY PACK Olive Tree Hill\"}]},{\"@type\":\"WebSite\",\"@id\":\"https:\\\/\\\/www.colledegliulivi.com\\\/en\\\/#website\",\"url\":\"https:\\\/\\\/www.colledegliulivi.com\\\/en\\\/\",\"name\":\"Colle degli Ulivi\",\"description\":\"Vendita olio e prodotti tipici liguri\",\"potentialAction\":[{\"@type\":\"SearchAction\",\"target\":{\"@type\":\"EntryPoint\",\"urlTemplate\":\"https:\\\/\\\/www.colledegliulivi.com\\\/en\\\/?s={search_term_string}\"},\"query-input\":{\"@type\":\"PropertyValueSpecification\",\"valueRequired\":true,\"valueName\":\"search_term_string\"}}],\"inLanguage\":\"en-US\"}]}<\/script>\n<!-- \/ Yoast SEO plugin. -->","yoast_head_json":{"title":"TAGGIASCO OIL TONY TONY PACK Olive Tree Hill &#8211; Colle degli Ulivi","description":"TAGGIASCO COLLE degli Ulivi TONY OIL BOMBON - contents: EXTRA VIRGIN OIL GALLON 0.25 ml, PESTO WITHOUT GARLIC 170gr- Colle degli Ulivi ancient tradition","robots":{"index":"index","follow":"follow","max-snippet":"max-snippet:-1","max-image-preview":"max-image-preview:large","max-video-preview":"max-video-preview:-1"},"canonical":"https:\/\/www.colledegliulivi.com\/en\/prodotto\/wedding-favor-oil-taggiasco-colle-degli-ulivi\/","og_locale":"en_US","og_type":"article","og_title":"TAGGIASCO OIL TONY TONY PACK Olive Tree Hill &#8211; Colle degli Ulivi","og_description":"TAGGIASCO COLLE degli Ulivi TONY OIL BOMBON - contents: EXTRA VIRGIN OIL GALLON 0.25 ml, PESTO WITHOUT GARLIC 170gr- Colle degli Ulivi ancient tradition","og_url":"https:\/\/www.colledegliulivi.com\/en\/prodotto\/wedding-favor-oil-taggiasco-colle-degli-ulivi\/","og_site_name":"Colle degli Ulivi","article_modified_time":"2023-02-23T17:22:39+00:00","twitter_card":"summary_large_image","twitter_misc":{"Est. reading time":"2 minutes"},"schema":{"@context":"https:\/\/schema.org","@graph":[{"@type":"WebPage","@id":"https:\/\/www.colledegliulivi.com\/en\/prodotto\/wedding-favor-oil-taggiasco-colle-degli-ulivi\/","url":"https:\/\/www.colledegliulivi.com\/en\/prodotto\/wedding-favor-oil-taggiasco-colle-degli-ulivi\/","name":"TAGGIASCO OIL TONY TONY PACK Olive Tree Hill &#8211; Colle degli Ulivi","isPartOf":{"@id":"https:\/\/www.colledegliulivi.com\/en\/#website"},"primaryImageOfPage":{"@id":"https:\/\/www.colledegliulivi.com\/en\/prodotto\/wedding-favor-oil-taggiasco-colle-degli-ulivi\/#primaryimage"},"image":{"@id":"https:\/\/www.colledegliulivi.com\/en\/prodotto\/wedding-favor-oil-taggiasco-colle-degli-ulivi\/#primaryimage"},"thumbnailUrl":"","datePublished":"2022-04-02T15:27:27+00:00","dateModified":"2023-02-23T17:22:39+00:00","description":"TAGGIASCO COLLE degli Ulivi TONY OIL BOMBON - contents: EXTRA VIRGIN OIL GALLON 0.25 ml, PESTO WITHOUT GARLIC 170gr- Colle degli Ulivi ancient tradition","breadcrumb":{"@id":"https:\/\/www.colledegliulivi.com\/en\/prodotto\/wedding-favor-oil-taggiasco-colle-degli-ulivi\/#breadcrumb"},"inLanguage":"en-US","potentialAction":[{"@type":"ReadAction","target":["https:\/\/www.colledegliulivi.com\/en\/prodotto\/wedding-favor-oil-taggiasco-colle-degli-ulivi\/"]}]},{"@type":"ImageObject","inLanguage":"en-US","@id":"https:\/\/www.colledegliulivi.com\/en\/prodotto\/wedding-favor-oil-taggiasco-colle-degli-ulivi\/#primaryimage","url":"","contentUrl":"","width":731,"height":834,"caption":"CONFEZIONE REGALO BOMBONIERA BIS"},{"@type":"BreadcrumbList","@id":"https:\/\/www.colledegliulivi.com\/en\/prodotto\/wedding-favor-oil-taggiasco-colle-degli-ulivi\/#breadcrumb","itemListElement":[{"@type":"ListItem","position":1,"name":"Home","item":"https:\/\/www.colledegliulivi.com\/en\/"},{"@type":"ListItem","position":2,"name":"Online Shop","item":"https:\/\/www.colledegliulivi.com\/en\/online-shop\/"},{"@type":"ListItem","position":3,"name":"TAGGIASCO OIL TONY TONY PACK Olive Tree Hill"}]},{"@type":"WebSite","@id":"https:\/\/www.colledegliulivi.com\/en\/#website","url":"https:\/\/www.colledegliulivi.com\/en\/","name":"Colle degli Ulivi","description":"Vendita olio e prodotti tipici liguri","potentialAction":[{"@type":"SearchAction","target":{"@type":"EntryPoint","urlTemplate":"https:\/\/www.colledegliulivi.com\/en\/?s={search_term_string}"},"query-input":{"@type":"PropertyValueSpecification","valueRequired":true,"valueName":"search_term_string"}}],"inLanguage":"en-US"}]}},"_links":{"self":[{"href":"https:\/\/www.colledegliulivi.com\/en\/wp-json\/wp\/v2\/product\/24317","targetHints":{"allow":["GET"]}}],"collection":[{"href":"https:\/\/www.colledegliulivi.com\/en\/wp-json\/wp\/v2\/product"}],"about":[{"href":"https:\/\/www.colledegliulivi.com\/en\/wp-json\/wp\/v2\/types\/product"}],"replies":[{"embeddable":true,"href":"https:\/\/www.colledegliulivi.com\/en\/wp-json\/wp\/v2\/comments?post=24317"}],"wp:featuredmedia":[{"embeddable":true,"href":"https:\/\/www.colledegliulivi.com\/en\/wp-json\/wp\/v2\/media\/24086"}],"wp:attachment":[{"href":"https:\/\/www.colledegliulivi.com\/en\/wp-json\/wp\/v2\/media?parent=24317"}],"wp:term":[{"taxonomy":"product_brand","embeddable":true,"href":"https:\/\/www.colledegliulivi.com\/en\/wp-json\/wp\/v2\/product_brand?post=24317"},{"taxonomy":"product_cat","embeddable":true,"href":"https:\/\/www.colledegliulivi.com\/en\/wp-json\/wp\/v2\/product_cat?post=24317"},{"taxonomy":"product_tag","embeddable":true,"href":"https:\/\/www.colledegliulivi.com\/en\/wp-json\/wp\/v2\/product_tag?post=24317"}],"curies":[{"name":"wp","href":"https:\/\/api.w.org\/{rel}","templated":true}]}}